{"id":140,"date":"2021-02-18T12:20:11","date_gmt":"2021-02-18T11:20:11","guid":{"rendered":"http:\/\/la-passuitiere.fr\/?page_id=140"},"modified":"2026-01-24T18:39:42","modified_gmt":"2026-01-24T17:39:42","slug":"gite-de-la-passuitiere-saint-mesmin-vendee-puy-du-fou","status":"publish","type":"page","link":"https:\/\/la-passuitiere.fr\/index.php\/gite-de-la-passuitiere-saint-mesmin-vendee-puy-du-fou\/","title":{"rendered":"Pr\u00e9sentation"},"content":{"rendered":"\n<p>Sylvie et Jean-Michel sont heureux de vous accueillir dans leurs g\u00eetes situ\u00e9s sur la commune de Saint-Mesmin (85700)<\/p>\n\n\n\n<p>Venez d\u00e9couvrir le bocage Vend\u00e9en dans un cadre de verdure calme et serein.<\/p>\n\n\n\n<p>Proche de plusieurs sites touristiques dont <strong>le ch\u00e2teau de Saint-Mesmin<\/strong>, \u00e0 25 km du <strong>Puy du fou<\/strong>  et du festival de <strong>Poupet<\/strong>,  90 km de<strong> la Rochelle<\/strong>, 100 km des <strong>Sables d&rsquo;Olonne<\/strong> et de <strong>Nantes<\/strong>, 43 km de Cholet.<\/p>\n\n\n\n<p> Vous pourrez  \u00e9galement vous \u00e9vader sur les chemins p\u00e9destres et cyclables aux alentours.<\/p>\n\n\n\n<p>Nous vous proposons deux g\u00eetes \u00e0 la location: <\/p>\n\n\n\n<ul class=\"wp-block-list\">\n<li><a href=\"https:\/\/la-passuitiere.fr\/index.php\/les-tourtereaux\/\"><strong>Les tourtereaux<\/strong> <\/a>: Maison de 45 m\u00b2 pour deux personnes entre 53 et 80 \u20ac la nuit.<\/li>\n\n\n\n<li><a href=\"https:\/\/la-passuitiere.fr\/index.php\/les-tourterelles\/\"><strong>Les tourterelles<\/strong> <\/a>: Maison trois pi\u00e8ces de 67 m\u00b2 pour 4 personnes avec deux chambres ( une chambre avec un lit double l\u2019autre avec deux lits \u00e0 une place et un clic-clac dans le salon ) entre 65 et 100 \u20ac la nuit.<\/li>\n<\/ul>\n\n\n\n<p>Chaque g\u00eete est non fumeur et dispose d&rsquo;une cuisine enti\u00e8rement \u00e9quip\u00e9e : r\u00e9frig\u00e9rateur, + cong\u00e9lateur dans \u00ab\u00a0Les Tourterelles\u00a0\u00bb, four, plaques \u00e0 induction, lave-vaisselle, lave-linge, micro-onde, cafeti\u00e8re, grille-pain, bouilloire, vaisselle ainsi qu&rsquo;une salle d&rsquo;eau privative avec douche \u00e0 l&rsquo;italienne.<\/p>\n\n\n\n<p>Vous y trouverez \u00e9galement un n\u00e9cessaire de nettoyage, un fer avec une planche \u00e0 repasser, un \u00e9tendoir, un t\u00e9l\u00e9viseur ainsi que, gratuitement sur demande, un lit b\u00e9b\u00e9 et une chaise haute.<\/p>\n\n\n\n<p>Le Wifi gratuit ( 240 Mbit\/s ) et ind\u00e9pendant est disponible dans chaque g\u00eete.<\/p>\n\n\n\n<p>Nous vous proposons en option &nbsp;:<\/p>\n\n\n\n<ul class=\"wp-block-list\">\n<li>Des draps : 10 \u20ac par lit et par s\u00e9jour ( les lits sont fait )<\/li>\n\n\n\n<li> Le kit de toilette ( deux serviettes et un gant ) : 5 \u20ac\/personne<\/li>\n\n\n\n<li>Les frais de m\u00e9nage pour 35.00 \u20ac<\/li>\n<\/ul>\n\n\n\n<p><strong>Un parking de 6 \u00e0 8 places est disponible gratuitement<\/strong> . <strong>Vous pouvez venir \u00e0 moto un garage ferm\u00e9 sera mis  gratuitement \u00e0 votre disposition<\/strong>.<\/p>\n\n\n\n<p>Arriv\u00e9e flexible \u00e0 partir de<strong> 16h (Bo\u00eete \u00e0 cl\u00e9s) <\/strong> d\u00e9part entre <strong>8h et 12h<\/strong><\/p>\n\n\n\n<div class=\"wp-block-buttons is-layout-flex wp-block-buttons-is-layout-flex\">\n<div class=\"wp-block-button\"><a class=\"wp-block-button__link has-light-green-cyan-background-color has-background wp-element-button\" href=\"https:\/\/la-passuitiere.fr\/index.php\/reservation\/\">R\u00e9servez d\u00e8s maintenant !<\/a><\/div>\n<\/div>\n\n\n\n<p>Annulation gratuite 6 jours avant l&rsquo;arriv\u00e9e.<\/p>\n\n\n\n<!-- Global site tag (gtag.js) - Google Analytics -->\n<script async=\"\" src=\"https:\/\/www.googletagmanager.com\/gtag\/js?id=G-J1MDVJ3G1H\"><\/script>\n<script>\n  window.dataLayer = window.dataLayer || [];\n  function gtag(){dataLayer.push(arguments);}\n  gtag('js', new Date());\n\n  gtag('config', 'G-J1MDVJ3G1H');\n<\/script>\n","protected":false},"excerpt":{"rendered":"<p>Sylvie et Jean-Michel sont heureux de vous accueillir dans leurs g\u00eetes situ\u00e9s sur la commune de Saint-Mesmin (85700) Venez d\u00e9couvrir le bocage Vend\u00e9en dans un cadre de verdure calme et serein. Proche de plusieurs sites touristiques dont le ch\u00e2teau de Saint-Mesmin, \u00e0 25 km du Puy du fou et du festival de Poupet, 90 km &#8230; <span class=\"more\"><a class=\"more-link\" href=\"https:\/\/la-passuitiere.fr\/index.php\/gite-de-la-passuitiere-saint-mesmin-vendee-puy-du-fou\/\">[Read more&#8230;]<\/a><\/span><\/p>\n","protected":false},"author":2,"featured_media":0,"parent":0,"menu_order":0,"comment_status":"closed","ping_status":"closed","template":"page-full-width.php","meta":{"footnotes":""},"class_list":["entry","page","publish","author-jean-michel","post-140"],"yoast_head":"<!-- This site is optimized with the Yoast SEO plugin v20.3 - https:\/\/yoast.com\/wordpress\/plugins\/seo\/ -->\n<title>La Passuiti\u00e8re Vend\u00e9e- GITE - Puy du fou - Poupet - Un havre de paix<\/title>\n<meta name=\"description\" content=\"Bonjour, Sylvie et Jean-Michel sont heureux de vous accueillir sur leur site.Venez d\u00e9couvrir le bocage Vend\u00e9en dans un cadre de verdure calme et serein.Proche de plusieurs sites touristiques, le ch\u00e2teau de saint Mesmin, \u00e0 24 km du Puy du fou et du festival de Poupet, 58 km de l\u2019abbaye de Maillezais, 90 km de la Rochelle, 100 km des Sables d\u2019olonne, 83 km de la Tranche sur mer, 40 km de Cholet, 100 km de NantesVous pourrez vous \u00e9vader sur les chemins p\u00e9destres et cyclables.La ville de Saint Mesmin s\u2019est engag\u00e9e dans la culture biologique.Un march\u00e9 est ouvert le jeudi de 16h30 \u00e0 19h aux halles de Saint Mesmin.Nous avons deux g\u00eetes \u00e0 votre disposition : ( non fumeur ) , Un havre de paix\" \/>\n<meta name=\"robots\" content=\"index, follow, max-snippet:-1, max-image-preview:large, max-video-preview:-1\" \/>\n<link rel=\"canonical\" href=\"https:\/\/la-passuitiere.fr\/index.php\/gite-de-la-passuitiere-saint-mesmin-vendee-puy-du-fou\/\" \/>\n<meta property=\"og:locale\" content=\"fr_FR\" \/>\n<meta property=\"og:type\" content=\"article\" \/>\n<meta property=\"og:title\" content=\"Gite de la Passuitiere, Un havre de paix\" \/>\n<meta property=\"og:description\" content=\"Bonjour, Sylvie et Jean-Michel sont heureux de vous accueillir sur leur site.Venez d\u00e9couvrir le bocage Vend\u00e9en dans un cadre de verdure calme et serein.Proche de plusieurs sites touristiques, le ch\u00e2teau de saint Mesmin, \u00e0 24 km du Puy du fou et du festival de Poupet, 58 km de l\u2019abbaye de Maillezais, 90 km de la Rochelle, 100 km des Sables d\u2019olonne, 83 km de la Tranche sur mer, 40 km de Cholet, 100 km de NantesVous pourrez vous \u00e9vader sur les chemins p\u00e9destres et cyclables.La ville de Saint Mesmin s\u2019est engag\u00e9e dans la culture biologique.Un march\u00e9 est ouvert le jeudi de 16h30 \u00e0 19h aux halles de Saint Mesmin.Nous avons deux g\u00eetes \u00e0 votre disposition : ( non fumeur ), Un havre de paix\" \/>\n<meta property=\"og:url\" content=\"https:\/\/la-passuitiere.fr\/index.php\/gite-de-la-passuitiere-saint-mesmin-vendee-puy-du-fou\/\" \/>\n<meta property=\"og:site_name\" content=\"La Passuiti\u00e8re\" \/>\n<meta property=\"article:publisher\" content=\"https:\/\/www.facebook.com\/lapassuitiere\" \/>\n<meta property=\"article:modified_time\" content=\"2026-01-24T17:39:42+00:00\" \/>\n<meta property=\"og:image\" content=\"https:\/\/la-passuitiere.fr\/wp-content\/uploads\/2021\/02\/IMG_1166_bis-scaled-e1614105337286.jpg\" \/>\n\t<meta property=\"og:image:width\" content=\"2387\" \/>\n\t<meta property=\"og:image:height\" content=\"1510\" \/>\n\t<meta property=\"og:image:type\" content=\"image\/jpeg\" \/>\n<meta name=\"twitter:card\" content=\"summary_large_image\" \/>\n<meta name=\"twitter:label1\" content=\"Dur\u00e9e de lecture estim\u00e9e\" \/>\n\t<meta name=\"twitter:data1\" content=\"2 minutes\" \/>\n<script type=\"application\/ld+json\" class=\"yoast-schema-graph\">{\"@context\":\"https:\/\/schema.org\",\"@graph\":[{\"@type\":[\"WebPage\",\"RealEstateListing\"],\"@id\":\"https:\/\/la-passuitiere.fr\/index.php\/gite-de-la-passuitiere-saint-mesmin-vendee-puy-du-fou\/\",\"url\":\"https:\/\/la-passuitiere.fr\/index.php\/gite-de-la-passuitiere-saint-mesmin-vendee-puy-du-fou\/\",\"name\":\"La Passuiti\u00e8re Vend\u00e9e- GITE - Puy du fou - Poupet - Un havre de paix\",\"isPartOf\":{\"@id\":\"https:\/\/la-passuitiere.fr\/#website\"},\"datePublished\":\"2021-02-18T11:20:11+00:00\",\"dateModified\":\"2026-01-24T17:39:42+00:00\",\"description\":\"Bonjour, Sylvie et Jean-Michel sont heureux de vous accueillir sur leur site.Venez d\u00e9couvrir le bocage Vend\u00e9en dans un cadre de verdure calme et serein.Proche de plusieurs sites touristiques, le ch\u00e2teau de saint Mesmin, \u00e0 24 km du Puy du fou et du festival de Poupet, 58 km de l\u2019abbaye de Maillezais, 90 km de la Rochelle, 100 km des Sables d\u2019olonne, 83 km de la Tranche sur mer, 40 km de Cholet, 100 km de NantesVous pourrez vous \u00e9vader sur les chemins p\u00e9destres et cyclables.La ville de Saint Mesmin s\u2019est engag\u00e9e dans la culture biologique.Un march\u00e9 est ouvert le jeudi de 16h30 \u00e0 19h aux halles de Saint Mesmin.Nous avons deux g\u00eetes \u00e0 votre disposition : ( non fumeur ) , Un havre de paix\",\"breadcrumb\":{\"@id\":\"https:\/\/la-passuitiere.fr\/index.php\/gite-de-la-passuitiere-saint-mesmin-vendee-puy-du-fou\/#breadcrumb\"},\"inLanguage\":\"fr-FR\",\"potentialAction\":[{\"@type\":\"ReadAction\",\"target\":[\"https:\/\/la-passuitiere.fr\/index.php\/gite-de-la-passuitiere-saint-mesmin-vendee-puy-du-fou\/\"]}]},{\"@type\":\"BreadcrumbList\",\"@id\":\"https:\/\/la-passuitiere.fr\/index.php\/gite-de-la-passuitiere-saint-mesmin-vendee-puy-du-fou\/#breadcrumb\",\"itemListElement\":[{\"@type\":\"ListItem\",\"position\":1,\"name\":\"Accueil\",\"item\":\"https:\/\/la-passuitiere.fr\/\"},{\"@type\":\"ListItem\",\"position\":2,\"name\":\"Pr\u00e9sentation\"}]},{\"@type\":\"WebSite\",\"@id\":\"https:\/\/la-passuitiere.fr\/#website\",\"url\":\"https:\/\/la-passuitiere.fr\/\",\"name\":\"La Passuiti\u00e8re\",\"description\":\"En Vendee\",\"potentialAction\":[{\"@type\":\"SearchAction\",\"target\":{\"@type\":\"EntryPoint\",\"urlTemplate\":\"https:\/\/la-passuitiere.fr\/?s={search_term_string}\"},\"query-input\":\"required name=search_term_string\"}],\"inLanguage\":\"fr-FR\"}]}<\/script>\n<!-- \/ Yoast SEO plugin. -->","yoast_head_json":{"title":"La Passuiti\u00e8re Vend\u00e9e- GITE - Puy du fou - Poupet - Un havre de paix","description":"Bonjour, Sylvie et Jean-Michel sont heureux de vous accueillir sur leur site.Venez d\u00e9couvrir le bocage Vend\u00e9en dans un cadre de verdure calme et serein.Proche de plusieurs sites touristiques, le ch\u00e2teau de saint Mesmin, \u00e0 24 km du Puy du fou et du festival de Poupet, 58 km de l\u2019abbaye de Maillezais, 90 km de la Rochelle, 100 km des Sables d\u2019olonne, 83 km de la Tranche sur mer, 40 km de Cholet, 100 km de NantesVous pourrez vous \u00e9vader sur les chemins p\u00e9destres et cyclables.La ville de Saint Mesmin s\u2019est engag\u00e9e dans la culture biologique.Un march\u00e9 est ouvert le jeudi de 16h30 \u00e0 19h aux halles de Saint Mesmin.Nous avons deux g\u00eetes \u00e0 votre disposition : ( non fumeur ) , Un havre de paix","robots":{"index":"index","follow":"follow","max-snippet":"max-snippet:-1","max-image-preview":"max-image-preview:large","max-video-preview":"max-video-preview:-1"},"canonical":"https:\/\/la-passuitiere.fr\/index.php\/gite-de-la-passuitiere-saint-mesmin-vendee-puy-du-fou\/","og_locale":"fr_FR","og_type":"article","og_title":"Gite de la Passuitiere, Un havre de paix","og_description":"Bonjour, Sylvie et Jean-Michel sont heureux de vous accueillir sur leur site.Venez d\u00e9couvrir le bocage Vend\u00e9en dans un cadre de verdure calme et serein.Proche de plusieurs sites touristiques, le ch\u00e2teau de saint Mesmin, \u00e0 24 km du Puy du fou et du festival de Poupet, 58 km de l\u2019abbaye de Maillezais, 90 km de la Rochelle, 100 km des Sables d\u2019olonne, 83 km de la Tranche sur mer, 40 km de Cholet, 100 km de NantesVous pourrez vous \u00e9vader sur les chemins p\u00e9destres et cyclables.La ville de Saint Mesmin s\u2019est engag\u00e9e dans la culture biologique.Un march\u00e9 est ouvert le jeudi de 16h30 \u00e0 19h aux halles de Saint Mesmin.Nous avons deux g\u00eetes \u00e0 votre disposition : ( non fumeur ), Un havre de paix","og_url":"https:\/\/la-passuitiere.fr\/index.php\/gite-de-la-passuitiere-saint-mesmin-vendee-puy-du-fou\/","og_site_name":"La Passuiti\u00e8re","article_publisher":"https:\/\/www.facebook.com\/lapassuitiere","article_modified_time":"2026-01-24T17:39:42+00:00","og_image":[{"width":2387,"height":1510,"url":"https:\/\/la-passuitiere.fr\/wp-content\/uploads\/2021\/02\/IMG_1166_bis-scaled-e1614105337286.jpg","type":"image\/jpeg"}],"twitter_card":"summary_large_image","twitter_misc":{"Dur\u00e9e de lecture estim\u00e9e":"2 minutes"},"schema":{"@context":"https:\/\/schema.org","@graph":[{"@type":["WebPage","RealEstateListing"],"@id":"https:\/\/la-passuitiere.fr\/index.php\/gite-de-la-passuitiere-saint-mesmin-vendee-puy-du-fou\/","url":"https:\/\/la-passuitiere.fr\/index.php\/gite-de-la-passuitiere-saint-mesmin-vendee-puy-du-fou\/","name":"La Passuiti\u00e8re Vend\u00e9e- GITE - Puy du fou - Poupet - Un havre de paix","isPartOf":{"@id":"https:\/\/la-passuitiere.fr\/#website"},"datePublished":"2021-02-18T11:20:11+00:00","dateModified":"2026-01-24T17:39:42+00:00","description":"Bonjour, Sylvie et Jean-Michel sont heureux de vous accueillir sur leur site.Venez d\u00e9couvrir le bocage Vend\u00e9en dans un cadre de verdure calme et serein.Proche de plusieurs sites touristiques, le ch\u00e2teau de saint Mesmin, \u00e0 24 km du Puy du fou et du festival de Poupet, 58 km de l\u2019abbaye de Maillezais, 90 km de la Rochelle, 100 km des Sables d\u2019olonne, 83 km de la Tranche sur mer, 40 km de Cholet, 100 km de NantesVous pourrez vous \u00e9vader sur les chemins p\u00e9destres et cyclables.La ville de Saint Mesmin s\u2019est engag\u00e9e dans la culture biologique.Un march\u00e9 est ouvert le jeudi de 16h30 \u00e0 19h aux halles de Saint Mesmin.Nous avons deux g\u00eetes \u00e0 votre disposition : ( non fumeur ) , Un havre de paix","breadcrumb":{"@id":"https:\/\/la-passuitiere.fr\/index.php\/gite-de-la-passuitiere-saint-mesmin-vendee-puy-du-fou\/#breadcrumb"},"inLanguage":"fr-FR","potentialAction":[{"@type":"ReadAction","target":["https:\/\/la-passuitiere.fr\/index.php\/gite-de-la-passuitiere-saint-mesmin-vendee-puy-du-fou\/"]}]},{"@type":"BreadcrumbList","@id":"https:\/\/la-passuitiere.fr\/index.php\/gite-de-la-passuitiere-saint-mesmin-vendee-puy-du-fou\/#breadcrumb","itemListElement":[{"@type":"ListItem","position":1,"name":"Accueil","item":"https:\/\/la-passuitiere.fr\/"},{"@type":"ListItem","position":2,"name":"Pr\u00e9sentation"}]},{"@type":"WebSite","@id":"https:\/\/la-passuitiere.fr\/#website","url":"https:\/\/la-passuitiere.fr\/","name":"La Passuiti\u00e8re","description":"En Vendee","potentialAction":[{"@type":"SearchAction","target":{"@type":"EntryPoint","urlTemplate":"https:\/\/la-passuitiere.fr\/?s={search_term_string}"},"query-input":"required name=search_term_string"}],"inLanguage":"fr-FR"}]}},"_links":{"self":[{"href":"https:\/\/la-passuitiere.fr\/index.php\/wp-json\/wp\/v2\/pages\/140","targetHints":{"allow":["GET"]}}],"collection":[{"href":"https:\/\/la-passuitiere.fr\/index.php\/wp-json\/wp\/v2\/pages"}],"about":[{"href":"https:\/\/la-passuitiere.fr\/index.php\/wp-json\/wp\/v2\/types\/page"}],"author":[{"embeddable":true,"href":"https:\/\/la-passuitiere.fr\/index.php\/wp-json\/wp\/v2\/users\/2"}],"replies":[{"embeddable":true,"href":"https:\/\/la-passuitiere.fr\/index.php\/wp-json\/wp\/v2\/comments?post=140"}],"version-history":[{"count":43,"href":"https:\/\/la-passuitiere.fr\/index.php\/wp-json\/wp\/v2\/pages\/140\/revisions"}],"predecessor-version":[{"id":1249,"href":"https:\/\/la-passuitiere.fr\/index.php\/wp-json\/wp\/v2\/pages\/140\/revisions\/1249"}],"wp:attachment":[{"href":"https:\/\/la-passuitiere.fr\/index.php\/wp-json\/wp\/v2\/media?parent=140"}],"curies":[{"name":"wp","href":"https:\/\/api.w.org\/{rel}","templated":true}]}}