{"id":170,"date":"2021-02-18T13:05:26","date_gmt":"2021-02-18T12:05:26","guid":{"rendered":"http:\/\/la-passuitiere.fr\/?page_id=170"},"modified":"2026-04-22T10:53:27","modified_gmt":"2026-04-22T08:53:27","slug":"reservations-semaine","status":"publish","type":"page","link":"https:\/\/la-passuitiere.fr\/index.php\/reservations-semaine\/","title":{"rendered":"Tarifs 2026 \/ 2027"},"content":{"rendered":"\n<p class=\"has-large-font-size\"><strong>Tarifs 2026\/2027<\/strong> <\/p>\n\n\n\n<figure class=\"wp-block-table\"><table><tbody><tr><td><strong><a href=\"https:\/\/la-passuitiere.fr\/index.php\/les-tourtereaux\/\">Les Tourtereaux<\/a><\/strong> pour 2 personnes<\/td><td><strong>2 nuits<\/strong><\/td><td><strong>3 nuits<\/strong><\/td><td><strong>4 nuits<\/strong><\/td><td><strong>5 nuits<\/strong><\/td><td><strong>6 nuits<\/strong><\/td><td><strong>7 nuits<\/strong><\/td><\/tr><tr><td>Du 01\/01\/26 au 31\/03\/26<\/td><td>106,00 \u20ac<\/td><td>159,00 \u20ac<\/td><td>212,00 \u20ac<\/td><td>265.00 \u20ac<\/td><td>318.00 \u20ac<\/td><td>371.00 \u20ac<\/td><\/tr><tr><td>Du 01\/04\/26 au 31\/05\/26<\/td><td>108,00 \u20ac<\/td><td>162,00 \u20ac<\/td><td>216,00 \u20ac<\/td><td>270,00 \u20ac<\/td><td>324,00 \u20ac<\/td><td>378,00 \u20ac<\/td><\/tr><tr><td>Du 01\/06\/26 au 30\/06\/26<\/td><td>132,00 \u20ac<\/td><td>198,00 \u20ac<\/td><td>264,00 \u20ac<\/td><td>330,00 \u20ac<\/td><td>396,00 \u20ac<\/td><td>462,00 \u20ac<\/td><\/tr><tr><td>Du 01\/07\/26 au 31\/08\/26<\/td><td>160,00 \u20ac<\/td><td>240.00 \u20ac<\/td><td>320,00 \u20ac<\/td><td>400.00 \u20ac<\/td><td>480,00 \u20ac<\/td><td>560,00 \u20ac<\/td><\/tr><tr><td>Du 01\/09\/26 au 30\/09\/26<\/td><td>132.00 \u20ac<\/td><td>198,00 \u20ac<\/td><td>264,00 \u20ac<\/td><td>330,00 \u20ac<\/td><td>396,00 \u20ac<\/td><td>462,00 \u20ac<\/td><\/tr><tr><td>Du 01\/10\/26 au 17\/12\/26<\/td><td>108,00 \u20ac<\/td><td>162.00 \u20ac<\/td><td>216,00 \u20ac<\/td><td>270.00 \u20ac<\/td><td>324,00 \u20ac<\/td><td>378.00 \u20ac<\/td><\/tr><tr><td>Du 18\/12\/26 au 31\/01\/27<\/td><td>160,00 \u20ac<\/td><td>240.00 \u20ac<\/td><td>320.00 \u20ac<\/td><td>400.00 \u20ac<\/td><td>480,00 \u20ac<\/td><td>560,00 \u20ac<\/td><\/tr><\/tbody><\/table><figcaption class=\"wp-element-caption\">(+ La taxe de s\u00e9jour qui est en fonction du nombre de personnes  + 20\u20ac par animal )<\/figcaption><\/figure>\n\n\n\n<p>Pour leur bien-\u00eatre les animaux <strong>ne doivent pas rester<\/strong> dans le g\u00eete toute la journ\u00e9e sans la pr\u00e9sence de leur ma\u00eetre<\/p>\n\n\n\n<p>Nous vous proposons en option les draps lit fait 15 \u20ac ,   le kit de toilette (5 \u20ac \/ personne ) et le m\u00e9nage de fin de s\u00e9jour pour 35 \u20ac<\/p>\n\n\n\n<p> L&rsquo;office de tourisme de Pouzauges peut vous aider \u00e0 avoir des places au Puy du Fou.                           Vous pouvez dire que vous venez de n\u00f4tre part.<\/p>\n\n\n\n<p><\/p>\n\n\n\n<div class=\"wp-block-buttons is-horizontal is-content-justification-center is-layout-flex wp-container-core-buttons-is-layout-499968f5 wp-block-buttons-is-layout-flex\">\n<div class=\"wp-block-button is-style-fill\"><a class=\"wp-block-button__link has-light-green-cyan-background-color has-background wp-element-button\" href=\"https:\/\/la-passuitiere.fr\/index.php\/reservations-les-tourtereaux\/\">R\u00e9servez d\u00e8s maintenant !<\/a><\/div>\n\n\n\n\n<\/div>\n\n\n\n<p class=\"has-large-font-size\"><strong>Tarifs 2026\/2027<\/strong><\/p>\n\n\n\n<figure class=\"wp-block-table\"><table><tbody><tr><td><strong><a href=\"https:\/\/la-passuitiere.fr\/index.php\/les-tourterelles\/\">Les Tourterelles<\/a><\/strong> pour 4 personnes<\/td><td><strong>2 nuits<\/strong><\/td><td><strong>3 nuits<\/strong><\/td><td><strong>4 nuits<\/strong><\/td><td><strong>5 nuits<\/strong><\/td><td><strong>6 nuits<\/strong><\/td><td><strong>7 nuits<\/strong><\/td><\/tr><tr><td>Du 01\/01\/26 au 31\/03\/26<\/td><td>130,00 \u20ac<\/td><td>195.00 \u20ac<\/td><td>260.00 \u20ac<\/td><td>325.00 \u20ac<\/td><td>390.00 \u20ac<\/td><td>455.00 \u20ac<\/td><\/tr><tr><td>Du 01\/04\/26 au 31\/05\/26<\/td><td>132,00 \u20ac<\/td><td>198,00 \u20ac<\/td><td>264,00 \u20ac<\/td><td>330,00 \u20ac<\/td><td>372,00 \u20ac<\/td><td>462,00 \u20ac<\/td><\/tr><tr><td>Du 01\/06\/26 au 30\/06\/26<\/td><td>160,00 \u20ac<\/td><td>240,00 \u20ac<\/td><td>320,00 \u20ac<\/td><td>400,00 \u20ac<\/td><td>390,00 \u20ac<\/td><td>560,00 \u20ac<\/td><\/tr><tr><td>Du 01\/07\/25 au 31\/08\/26<\/td><td>198,00 \u20ac<\/td><td>297,00 \u20ac<\/td><td>396.00 \u20ac<\/td><td>495,00 \u20ac<\/td><td>594,00 \u20ac<\/td><td>693,00 \u20ac<\/td><\/tr><tr><td>Du 01\/09\/26 au 30\/09\/26<\/td><td>160.00 \u20ac<\/td><td>240,00 \u20ac<\/td><td>320,00 \u20ac<\/td><td>400,00 \u20ac<\/td><td>480,00 \u20ac<\/td><td>560,00 \u20ac<\/td><\/tr><tr><td>Du 01\/10\/26 au 31\/12\/26<\/td><td>132,00 \u20ac<\/td><td>198,00 \u20ac<\/td><td>264,00 \u20ac<\/td><td>330,00 \u20ac<\/td><td>396,00 \u20ac<\/td><td>462,00 \u20ac<\/td><\/tr><tr><td>Du 18\/12\/26 au 31\/01\/27<\/td><td>198.00 \u20ac<\/td><td>297,00 \u20ac<\/td><td>396,00 \u20ac<\/td><td>495,00 \u20ac<\/td><td>594,00 \u20ac<\/td><td>693,00 \u20ac<\/td><\/tr><\/tbody><\/table><figcaption class=\"wp-element-caption\">(+ La taxe de s\u00e9jour qui est en fonction du nombre de personnes + 20 \u20ac par animal  )<\/figcaption><\/figure>\n\n\n\n<p>Pour tout renseignement suppl\u00e9mentaire vous pouvez nous contacter par t\u00e9l\u00e9phone<\/p>\n\n\n\n<p>Pour leur bien-\u00eatre les animaux <strong>ne doivent pas rester<\/strong> dans le g\u00eete toute la journ\u00e9e sans la pr\u00e9sence de leur ma\u00eetre<\/p>\n\n\n\n<div class=\"wp-block-buttons is-horizontal is-content-justification-center is-layout-flex wp-container-core-buttons-is-layout-499968f5 wp-block-buttons-is-layout-flex\">\n<div class=\"wp-block-button\"><a class=\"wp-block-button__link has-light-green-cyan-background-color has-background wp-element-button\" href=\"https:\/\/la-passuitiere.fr\/index.php\/reservations-les-tourterelles\/\">R\u00e9servez d\u00e8s maintenant !<\/a><\/div>\n<\/div>\n\n\n\n<p>R\u00e9duction de 13 % pour la deuxi\u00e8me semaine  cons\u00e9cutive.<\/p>\n\n\n\n<p>Nous vous proposons en option les draps lit fait (10 \u20ac \/ petit lit ; 15 \u20ac \/ grand lit ) ,                                       le kit de toilette  ( 5 \u20ac \/ personne ) et le m\u00e9nage de fin de s\u00e9jour pour 35 \u20ac<\/p>\n\n\n\n<p><\/p>\n","protected":false},"excerpt":{"rendered":"<p>Tarifs 2026\/2027 Les Tourtereaux pour 2 personnes 2 nuits 3 nuits 4 nuits 5 nuits 6 nuits 7 nuits Du 01\/01\/26 au 31\/03\/26 106,00 \u20ac 159,00 \u20ac 212,00 \u20ac 265.00 \u20ac 318.00 \u20ac 371.00 \u20ac Du 01\/04\/26 au 31\/05\/26 108,00 \u20ac 162,00 \u20ac 216,00 \u20ac 270,00 \u20ac 324,00 \u20ac 378,00 \u20ac Du 01\/06\/26 au 30\/06\/26 &#8230; <span class=\"more\"><a class=\"more-link\" href=\"https:\/\/la-passuitiere.fr\/index.php\/reservations-semaine\/\">[Read more&#8230;]<\/a><\/span><\/p>\n","protected":false},"author":1,"featured_media":0,"parent":0,"menu_order":0,"comment_status":"closed","ping_status":"closed","template":"page-full-width.php","meta":{"footnotes":""},"class_list":["entry","page","publish","author-admin6549","post-170"],"yoast_head":"<!-- This site is optimized with the Yoast SEO plugin v20.3 - https:\/\/yoast.com\/wordpress\/plugins\/seo\/ -->\n<title>Tarifs 2026 \/ 2027 - La Passuiti\u00e8re reservations gite Un havre de paix<\/title>\n<meta name=\"description\" content=\"Un havre de paix reservation Gite en vend\u00e9e\" \/>\n<meta name=\"robots\" content=\"index, follow, max-snippet:-1, max-image-preview:large, max-video-preview:-1\" \/>\n<link rel=\"canonical\" href=\"https:\/\/la-passuitiere.fr\/index.php\/reservations-semaine\/\" \/>\n<meta property=\"og:locale\" content=\"fr_FR\" \/>\n<meta property=\"og:type\" content=\"article\" \/>\n<meta property=\"og:title\" content=\"Tarifs 2026 \/ 2027 - La Passuiti\u00e8re reservations gite Un havre de paix\" \/>\n<meta property=\"og:description\" content=\"Un havre de paix reservation Gite en vend\u00e9e\" \/>\n<meta property=\"og:url\" content=\"https:\/\/la-passuitiere.fr\/index.php\/reservations-semaine\/\" \/>\n<meta property=\"og:site_name\" content=\"La Passuiti\u00e8re\" \/>\n<meta property=\"article:publisher\" content=\"https:\/\/www.facebook.com\/lapassuitiere\" \/>\n<meta property=\"article:modified_time\" content=\"2026-04-22T08:53:27+00:00\" \/>\n<meta property=\"og:image\" content=\"https:\/\/la-passuitiere.fr\/wp-content\/uploads\/2021\/02\/4875FBF1-A2A2-4F47-BE78-CB69EF5343F1.jpeg\" \/>\n\t<meta property=\"og:image:width\" content=\"2048\" \/>\n\t<meta property=\"og:image:height\" content=\"1536\" \/>\n\t<meta property=\"og:image:type\" content=\"image\/jpeg\" \/>\n<meta name=\"twitter:card\" content=\"summary_large_image\" \/>\n<meta name=\"twitter:label1\" content=\"Dur\u00e9e de lecture estim\u00e9e\" \/>\n\t<meta name=\"twitter:data1\" content=\"3 minutes\" \/>\n<script type=\"application\/ld+json\" class=\"yoast-schema-graph\">{\"@context\":\"https:\/\/schema.org\",\"@graph\":[{\"@type\":\"WebPage\",\"@id\":\"https:\/\/la-passuitiere.fr\/index.php\/reservations-semaine\/\",\"url\":\"https:\/\/la-passuitiere.fr\/index.php\/reservations-semaine\/\",\"name\":\"Tarifs 2026 \/ 2027 - La Passuiti\u00e8re reservations gite Un havre de paix\",\"isPartOf\":{\"@id\":\"https:\/\/la-passuitiere.fr\/#website\"},\"datePublished\":\"2021-02-18T12:05:26+00:00\",\"dateModified\":\"2026-04-22T08:53:27+00:00\",\"description\":\"Un havre de paix reservation Gite en vend\u00e9e\",\"breadcrumb\":{\"@id\":\"https:\/\/la-passuitiere.fr\/index.php\/reservations-semaine\/#breadcrumb\"},\"inLanguage\":\"fr-FR\",\"potentialAction\":[{\"@type\":\"ReadAction\",\"target\":[\"https:\/\/la-passuitiere.fr\/index.php\/reservations-semaine\/\"]}]},{\"@type\":\"BreadcrumbList\",\"@id\":\"https:\/\/la-passuitiere.fr\/index.php\/reservations-semaine\/#breadcrumb\",\"itemListElement\":[{\"@type\":\"ListItem\",\"position\":1,\"name\":\"Accueil\",\"item\":\"https:\/\/la-passuitiere.fr\/\"},{\"@type\":\"ListItem\",\"position\":2,\"name\":\"Tarifs 2026 \/ 2027\"}]},{\"@type\":\"WebSite\",\"@id\":\"https:\/\/la-passuitiere.fr\/#website\",\"url\":\"https:\/\/la-passuitiere.fr\/\",\"name\":\"La Passuiti\u00e8re\",\"description\":\"En Vendee\",\"potentialAction\":[{\"@type\":\"SearchAction\",\"target\":{\"@type\":\"EntryPoint\",\"urlTemplate\":\"https:\/\/la-passuitiere.fr\/?s={search_term_string}\"},\"query-input\":\"required name=search_term_string\"}],\"inLanguage\":\"fr-FR\"}]}<\/script>\n<!-- \/ Yoast SEO plugin. -->","yoast_head_json":{"title":"Tarifs 2026 \/ 2027 - La Passuiti\u00e8re reservations gite Un havre de paix","description":"Un havre de paix reservation Gite en vend\u00e9e","robots":{"index":"index","follow":"follow","max-snippet":"max-snippet:-1","max-image-preview":"max-image-preview:large","max-video-preview":"max-video-preview:-1"},"canonical":"https:\/\/la-passuitiere.fr\/index.php\/reservations-semaine\/","og_locale":"fr_FR","og_type":"article","og_title":"Tarifs 2026 \/ 2027 - La Passuiti\u00e8re reservations gite Un havre de paix","og_description":"Un havre de paix reservation Gite en vend\u00e9e","og_url":"https:\/\/la-passuitiere.fr\/index.php\/reservations-semaine\/","og_site_name":"La Passuiti\u00e8re","article_publisher":"https:\/\/www.facebook.com\/lapassuitiere","article_modified_time":"2026-04-22T08:53:27+00:00","og_image":[{"width":2048,"height":1536,"url":"https:\/\/la-passuitiere.fr\/wp-content\/uploads\/2021\/02\/4875FBF1-A2A2-4F47-BE78-CB69EF5343F1.jpeg","type":"image\/jpeg"}],"twitter_card":"summary_large_image","twitter_misc":{"Dur\u00e9e de lecture estim\u00e9e":"3 minutes"},"schema":{"@context":"https:\/\/schema.org","@graph":[{"@type":"WebPage","@id":"https:\/\/la-passuitiere.fr\/index.php\/reservations-semaine\/","url":"https:\/\/la-passuitiere.fr\/index.php\/reservations-semaine\/","name":"Tarifs 2026 \/ 2027 - La Passuiti\u00e8re reservations gite Un havre de paix","isPartOf":{"@id":"https:\/\/la-passuitiere.fr\/#website"},"datePublished":"2021-02-18T12:05:26+00:00","dateModified":"2026-04-22T08:53:27+00:00","description":"Un havre de paix reservation Gite en vend\u00e9e","breadcrumb":{"@id":"https:\/\/la-passuitiere.fr\/index.php\/reservations-semaine\/#breadcrumb"},"inLanguage":"fr-FR","potentialAction":[{"@type":"ReadAction","target":["https:\/\/la-passuitiere.fr\/index.php\/reservations-semaine\/"]}]},{"@type":"BreadcrumbList","@id":"https:\/\/la-passuitiere.fr\/index.php\/reservations-semaine\/#breadcrumb","itemListElement":[{"@type":"ListItem","position":1,"name":"Accueil","item":"https:\/\/la-passuitiere.fr\/"},{"@type":"ListItem","position":2,"name":"Tarifs 2026 \/ 2027"}]},{"@type":"WebSite","@id":"https:\/\/la-passuitiere.fr\/#website","url":"https:\/\/la-passuitiere.fr\/","name":"La Passuiti\u00e8re","description":"En Vendee","potentialAction":[{"@type":"SearchAction","target":{"@type":"EntryPoint","urlTemplate":"https:\/\/la-passuitiere.fr\/?s={search_term_string}"},"query-input":"required name=search_term_string"}],"inLanguage":"fr-FR"}]}},"_links":{"self":[{"href":"https:\/\/la-passuitiere.fr\/index.php\/wp-json\/wp\/v2\/pages\/170","targetHints":{"allow":["GET"]}}],"collection":[{"href":"https:\/\/la-passuitiere.fr\/index.php\/wp-json\/wp\/v2\/pages"}],"about":[{"href":"https:\/\/la-passuitiere.fr\/index.php\/wp-json\/wp\/v2\/types\/page"}],"author":[{"embeddable":true,"href":"https:\/\/la-passuitiere.fr\/index.php\/wp-json\/wp\/v2\/users\/1"}],"replies":[{"embeddable":true,"href":"https:\/\/la-passuitiere.fr\/index.php\/wp-json\/wp\/v2\/comments?post=170"}],"version-history":[{"count":59,"href":"https:\/\/la-passuitiere.fr\/index.php\/wp-json\/wp\/v2\/pages\/170\/revisions"}],"predecessor-version":[{"id":1300,"href":"https:\/\/la-passuitiere.fr\/index.php\/wp-json\/wp\/v2\/pages\/170\/revisions\/1300"}],"wp:attachment":[{"href":"https:\/\/la-passuitiere.fr\/index.php\/wp-json\/wp\/v2\/media?parent=170"}],"curies":[{"name":"wp","href":"https:\/\/api.w.org\/{rel}","templated":true}]}}