{"id":275,"date":"2021-02-18T20:47:57","date_gmt":"2021-02-18T19:47:57","guid":{"rendered":"http:\/\/la-passuitiere.fr\/?page_id=275"},"modified":"2021-04-26T23:23:19","modified_gmt":"2021-04-26T21:23:19","slug":"reservation","status":"publish","type":"page","link":"https:\/\/la-passuitiere.fr\/index.php\/reservation\/","title":{"rendered":"R\u00e9servations"},"content":{"rendered":"<p><script>\nfunction myFunctionCal() {\n  var x = document.getElementById(\"easy-form-resource\").value;\n  \n}\n<\/script><br \/>\n<\/p>\n\n\n\n<script>\nfunction myFunctionIMG() {\n  var x = document.getElementById(\"easy-form-resource\").value;\n  document.getElementById(\"IMG02\").innerHTML = '<img decoding=\"async\" src=\"\/wp-content\/uploads\/2021\/02\/'+ x +'.jpeg\">';\n}\n<\/script>\n<center><p id=\"IMG02\"><img decoding=\"async\" src=\"\/wp-content\/uploads\/2021\/02\/303.jpeg\"><\/p><\/center>\n\n\n\n<p class=\"has-text-align-center\"><strong>Choisissez votre date d\u2019arriv\u00e9e, puis votre date de d\u00e9part en fonction du calendrier ci-dessus.<\/strong><\/p>\n\n\n\n<div class=\"wp-block-group\"><div class=\"wp-block-group__inner-container is-layout-flow wp-block-group-is-layout-flow\">\n<div class=\"wp-block-columns is-layout-flex wp-container-core-columns-is-layout-9d6595d7 wp-block-columns-is-layout-flex\">\n<div class=\"wp-block-column is-layout-flow wp-block-column-is-layout-flow\" style=\"flex-basis:33.33%\"><\/div>\n\n\n\n<div class=\"wp-block-column is-layout-flow wp-block-column-is-layout-flow\" style=\"flex-basis:66.66%\">\n<\/div>\n\n\n\n<div class=\"wp-block-column is-layout-flow wp-block-column-is-layout-flow\" style=\"flex-basis:33.33%\"><\/div>\n<\/div>\n<\/div><\/div>\n\n\n\n<!-- Global site tag (gtag.js) - Google Analytics -->\n<script async=\"\" src=\"https:\/\/www.googletagmanager.com\/gtag\/js?id=G-J1MDVJ3G1H\"><\/script>\n<script>\n  window.dataLayer = window.dataLayer || [];\n  function gtag(){dataLayer.push(arguments);}\n  gtag('js', new Date());\n\n  gtag('config', 'G-J1MDVJ3G1H');\n<\/script>\n","protected":false},"excerpt":{"rendered":"<p>Choisissez votre date d\u2019arriv\u00e9e, puis votre date de d\u00e9part en fonction du calendrier ci-dessus.<\/p>\n","protected":false},"author":1,"featured_media":0,"parent":0,"menu_order":0,"comment_status":"closed","ping_status":"closed","template":"page-full-width.php","meta":{"footnotes":""},"class_list":["entry","page","publish","author-admin6549","post-275"],"yoast_head":"<!-- This site is optimized with the Yoast SEO plugin v20.3 - https:\/\/yoast.com\/wordpress\/plugins\/seo\/ -->\n<title>R\u00e9servations - La Passuiti\u00e8re Vend\u00e9e - puy du fou, air pur<\/title>\n<meta name=\"description\" content=\"R\u00e9servation Gite en Vend\u00e9e, proche du puy du fou et festival de poupe, en campagne, air pur, au calme, chemins p\u00e9destres et cyclables.\" \/>\n<meta name=\"robots\" content=\"index, follow, max-snippet:-1, max-image-preview:large, max-video-preview:-1\" \/>\n<link rel=\"canonical\" href=\"https:\/\/la-passuitiere.fr\/index.php\/reservation\/\" \/>\n<meta property=\"og:locale\" content=\"fr_FR\" \/>\n<meta property=\"og:type\" content=\"article\" \/>\n<meta property=\"og:title\" content=\"R\u00e9servations - La Passuiti\u00e8re Vend\u00e9e - puy du fou, air pur\" \/>\n<meta property=\"og:description\" content=\"R\u00e9servation Gite en Vend\u00e9e, proche du puy du fou et festival de poupe, en campagne, air pur, au calme, chemins p\u00e9destres et cyclables.\" \/>\n<meta property=\"og:url\" content=\"https:\/\/la-passuitiere.fr\/index.php\/reservation\/\" \/>\n<meta property=\"og:site_name\" content=\"La Passuiti\u00e8re\" \/>\n<meta property=\"article:publisher\" content=\"https:\/\/www.facebook.com\/lapassuitiere\" \/>\n<meta property=\"article:modified_time\" content=\"2021-04-26T21:23:19+00:00\" \/>\n<meta property=\"og:image\" content=\"https:\/\/la-passuitiere.fr\/wp-content\/uploads\/2021\/02\/4875FBF1-A2A2-4F47-BE78-CB69EF5343F1.jpeg\" \/>\n\t<meta property=\"og:image:width\" content=\"2048\" \/>\n\t<meta property=\"og:image:height\" content=\"1536\" \/>\n\t<meta property=\"og:image:type\" content=\"image\/jpeg\" \/>\n<meta name=\"twitter:card\" content=\"summary_large_image\" \/>\n<meta name=\"twitter:label1\" content=\"Dur\u00e9e de lecture estim\u00e9e\" \/>\n\t<meta name=\"twitter:data1\" content=\"1 minute\" \/>\n<script type=\"application\/ld+json\" class=\"yoast-schema-graph\">{\"@context\":\"https:\/\/schema.org\",\"@graph\":[{\"@type\":\"WebPage\",\"@id\":\"https:\/\/la-passuitiere.fr\/index.php\/reservation\/\",\"url\":\"https:\/\/la-passuitiere.fr\/index.php\/reservation\/\",\"name\":\"R\u00e9servations - La Passuiti\u00e8re Vend\u00e9e - puy du fou, air pur\",\"isPartOf\":{\"@id\":\"https:\/\/la-passuitiere.fr\/#website\"},\"datePublished\":\"2021-02-18T19:47:57+00:00\",\"dateModified\":\"2021-04-26T21:23:19+00:00\",\"description\":\"R\u00e9servation Gite en Vend\u00e9e, proche du puy du fou et festival de poupe, en campagne, air pur, au calme, chemins p\u00e9destres et cyclables.\",\"breadcrumb\":{\"@id\":\"https:\/\/la-passuitiere.fr\/index.php\/reservation\/#breadcrumb\"},\"inLanguage\":\"fr-FR\",\"potentialAction\":[{\"@type\":\"ReadAction\",\"target\":[\"https:\/\/la-passuitiere.fr\/index.php\/reservation\/\"]}]},{\"@type\":\"BreadcrumbList\",\"@id\":\"https:\/\/la-passuitiere.fr\/index.php\/reservation\/#breadcrumb\",\"itemListElement\":[{\"@type\":\"ListItem\",\"position\":1,\"name\":\"Accueil\",\"item\":\"https:\/\/la-passuitiere.fr\/\"},{\"@type\":\"ListItem\",\"position\":2,\"name\":\"R\u00e9servations\"}]},{\"@type\":\"WebSite\",\"@id\":\"https:\/\/la-passuitiere.fr\/#website\",\"url\":\"https:\/\/la-passuitiere.fr\/\",\"name\":\"La Passuiti\u00e8re\",\"description\":\"En Vendee\",\"potentialAction\":[{\"@type\":\"SearchAction\",\"target\":{\"@type\":\"EntryPoint\",\"urlTemplate\":\"https:\/\/la-passuitiere.fr\/?s={search_term_string}\"},\"query-input\":\"required name=search_term_string\"}],\"inLanguage\":\"fr-FR\"}]}<\/script>\n<!-- \/ Yoast SEO plugin. -->","yoast_head_json":{"title":"R\u00e9servations - La Passuiti\u00e8re Vend\u00e9e - puy du fou, air pur","description":"R\u00e9servation Gite en Vend\u00e9e, proche du puy du fou et festival de poupe, en campagne, air pur, au calme, chemins p\u00e9destres et cyclables.","robots":{"index":"index","follow":"follow","max-snippet":"max-snippet:-1","max-image-preview":"max-image-preview:large","max-video-preview":"max-video-preview:-1"},"canonical":"https:\/\/la-passuitiere.fr\/index.php\/reservation\/","og_locale":"fr_FR","og_type":"article","og_title":"R\u00e9servations - La Passuiti\u00e8re Vend\u00e9e - puy du fou, air pur","og_description":"R\u00e9servation Gite en Vend\u00e9e, proche du puy du fou et festival de poupe, en campagne, air pur, au calme, chemins p\u00e9destres et cyclables.","og_url":"https:\/\/la-passuitiere.fr\/index.php\/reservation\/","og_site_name":"La Passuiti\u00e8re","article_publisher":"https:\/\/www.facebook.com\/lapassuitiere","article_modified_time":"2021-04-26T21:23:19+00:00","og_image":[{"width":2048,"height":1536,"url":"https:\/\/la-passuitiere.fr\/wp-content\/uploads\/2021\/02\/4875FBF1-A2A2-4F47-BE78-CB69EF5343F1.jpeg","type":"image\/jpeg"}],"twitter_card":"summary_large_image","twitter_misc":{"Dur\u00e9e de lecture estim\u00e9e":"1 minute"},"schema":{"@context":"https:\/\/schema.org","@graph":[{"@type":"WebPage","@id":"https:\/\/la-passuitiere.fr\/index.php\/reservation\/","url":"https:\/\/la-passuitiere.fr\/index.php\/reservation\/","name":"R\u00e9servations - La Passuiti\u00e8re Vend\u00e9e - puy du fou, air pur","isPartOf":{"@id":"https:\/\/la-passuitiere.fr\/#website"},"datePublished":"2021-02-18T19:47:57+00:00","dateModified":"2021-04-26T21:23:19+00:00","description":"R\u00e9servation Gite en Vend\u00e9e, proche du puy du fou et festival de poupe, en campagne, air pur, au calme, chemins p\u00e9destres et cyclables.","breadcrumb":{"@id":"https:\/\/la-passuitiere.fr\/index.php\/reservation\/#breadcrumb"},"inLanguage":"fr-FR","potentialAction":[{"@type":"ReadAction","target":["https:\/\/la-passuitiere.fr\/index.php\/reservation\/"]}]},{"@type":"BreadcrumbList","@id":"https:\/\/la-passuitiere.fr\/index.php\/reservation\/#breadcrumb","itemListElement":[{"@type":"ListItem","position":1,"name":"Accueil","item":"https:\/\/la-passuitiere.fr\/"},{"@type":"ListItem","position":2,"name":"R\u00e9servations"}]},{"@type":"WebSite","@id":"https:\/\/la-passuitiere.fr\/#website","url":"https:\/\/la-passuitiere.fr\/","name":"La Passuiti\u00e8re","description":"En Vendee","potentialAction":[{"@type":"SearchAction","target":{"@type":"EntryPoint","urlTemplate":"https:\/\/la-passuitiere.fr\/?s={search_term_string}"},"query-input":"required name=search_term_string"}],"inLanguage":"fr-FR"}]}},"_links":{"self":[{"href":"https:\/\/la-passuitiere.fr\/index.php\/wp-json\/wp\/v2\/pages\/275","targetHints":{"allow":["GET"]}}],"collection":[{"href":"https:\/\/la-passuitiere.fr\/index.php\/wp-json\/wp\/v2\/pages"}],"about":[{"href":"https:\/\/la-passuitiere.fr\/index.php\/wp-json\/wp\/v2\/types\/page"}],"author":[{"embeddable":true,"href":"https:\/\/la-passuitiere.fr\/index.php\/wp-json\/wp\/v2\/users\/1"}],"replies":[{"embeddable":true,"href":"https:\/\/la-passuitiere.fr\/index.php\/wp-json\/wp\/v2\/comments?post=275"}],"version-history":[{"count":26,"href":"https:\/\/la-passuitiere.fr\/index.php\/wp-json\/wp\/v2\/pages\/275\/revisions"}],"predecessor-version":[{"id":1046,"href":"https:\/\/la-passuitiere.fr\/index.php\/wp-json\/wp\/v2\/pages\/275\/revisions\/1046"}],"wp:attachment":[{"href":"https:\/\/la-passuitiere.fr\/index.php\/wp-json\/wp\/v2\/media?parent=275"}],"curies":[{"name":"wp","href":"https:\/\/api.w.org\/{rel}","templated":true}]}}