{"id":6,"date":"2020-12-27T20:48:10","date_gmt":"2020-12-27T19:48:10","guid":{"rendered":"http:\/\/la-passuitiere.fr\/index.php\/er-cart\/"},"modified":"2021-03-08T21:53:55","modified_gmt":"2021-03-08T20:53:55","slug":"er-cart","status":"publish","type":"page","link":"https:\/\/la-passuitiere.fr\/index.php\/er-cart\/","title":{"rendered":"Carte"},"content":{"rendered":"\n<p>Un coin nich\u00e9 dans le bocage<\/p>\n\n\n\n<figure class=\"wp-block-image size-large is-style-default\"><img loading=\"lazy\" decoding=\"async\" width=\"640\" height=\"515\" src=\"http:\/\/la-passuitiere.fr\/wp-content\/uploads\/2021\/02\/2021-02-16_22h32_41.png\" alt=\"\" class=\"wp-image-94\" srcset=\"https:\/\/la-passuitiere.fr\/wp-content\/uploads\/2021\/02\/2021-02-16_22h32_41.png 640w, https:\/\/la-passuitiere.fr\/wp-content\/uploads\/2021\/02\/2021-02-16_22h32_41-300x241.png 300w, https:\/\/la-passuitiere.fr\/wp-content\/uploads\/2021\/02\/2021-02-16_22h32_41-600x483.png 600w\" sizes=\"auto, (max-width: 640px) 100vw, 640px\" \/><\/figure>\n\n\n<div id=\"wpgmza_map\" class=\"wpgmza_map\" data-settings='{\"id\":\"1\",\"map_title\":\"La passuitiere\",\"map_width\":\"100\",\"map_height\":\"400\",\"map_start_lat\":\"46.77638834662105\",\"map_start_lng\":\"-0.7678288217652305\",\"map_start_location\":\"45.950464398418106,-109.81550500000003\",\"map_start_zoom\":\"9\",\"default_marker\":\"\",\"type\":\"0\",\"alignment\":\"4\",\"directions_enabled\":\"0\",\"styling_enabled\":\"0\",\"styling_json\":\"\",\"active\":\"0\",\"kml\":\"\",\"bicycle\":\"0\",\"traffic\":\"0\",\"dbox\":\"0\",\"dbox_width\":\"\",\"listmarkers\":\"0\",\"listmarkers_advanced\":\"0\",\"filterbycat\":\"0\",\"ugm_enabled\":\"0\",\"ugm_category_enabled\":\"0\",\"fusion\":\"\",\"map_width_type\":\"%\",\"map_height_type\":\"px\",\"mass_marker_support\":\"0\",\"ugm_access\":\"0\",\"order_markers_by\":\"0\",\"order_markers_choice\":\"0\",\"show_user_location\":\"0\",\"default_to\":\"\",\"other_settings\":{\"map_type\":1,\"sl_stroke_color\":\"\",\"sl_fill_color\":\"\",\"sl_stroke_opacity\":\"\",\"sl_fill_opacity\":\"\",\"transport_layer\":false,\"action\":\"wpgmza_save_map\",\"redirect_to\":\"\\\/wp-admin\\\/admin-post.php\",\"map_id\":\"1\",\"http_referer\":\"\\\/wp-admin\\\/admin.php?page=wp-google-maps-menu&amp;override=1&amp;action=edit&amp;map_id=1\",\"wpgmza_id\":\"1\",\"wpgmza_start_location\":\"46.77638834662105,-0.7678288217652305\",\"wpgmza_start_zoom\":\"4\",\"store_locator_enabled\":false,\"store_locator_search_area\":\"radial\",\"wpgmza_store_locator_radius_style\":\"legacy\",\"wpgmza_store_locator_default_radius\":\"10\",\"store_locator_auto_area_max_zoom\":\"\",\"store_locator_distance\":false,\"wpgmza_store_locator_position\":false,\"store_locator_category\":false,\"wpgmza_store_locator_use_their_location\":false,\"wpgmza_store_locator_bounce\":false,\"wpgmza_sl_animation\":null,\"wpgmza_store_locator_hide_before_search\":false,\"store_locator_query_string\":\"\",\"store_locator_default_address\":\"\",\"store_locator_name_search\":false,\"store_locator_name_string\":\"\",\"store_locator_not_found_message\":\"\",\"wpgmza_map_align\":\"1\",\"jump_to_nearest_marker_on_initialization\":false,\"automatically_pan_to_users_location\":false,\"override_users_location_zoom_level\":false,\"override_users_location_zoom_levels\":\"\",\"show_distance_from_location\":false,\"map_max_zoom\":\"21\",\"map_min_zoom\":\"0\",\"click_open_link\":false,\"fit_maps_bounds_to_markers\":false,\"fit_maps_bounds_to_markers_after_filtering\":false,\"hide_point_of_interest\":false,\"wpgmza_zoom_on_marker_click\":false,\"wpgmza_zoom_on_marker_click_slider\":\"\",\"close_infowindow_on_map_click\":false,\"disable_lightbox_images\":false,\"use_Raw_Jpeg_Coordinates\":false,\"polygon_labels\":false,\"disable_polygon_info_windows\":false,\"enable_marker_ratings\":false,\"only_load_markers_within_viewport\":false,\"iw_primary_color\":\"\",\"iw_accent_color\":\"\",\"iw_text_color\":\"\",\"wpgmza_listmarkers_by\":\"0\",\"wpgmza_marker_listing_position\":false,\"datatable_no_result_message\":\"\",\"remove_search_box_datables\":false,\"dataTable_pagination_style\":null,\"datatable_search_string\":\"\",\"datatable_result_start\":\"\",\"datatable_result_of\":\"\",\"datatable_result_to\":\"\",\"datatable_result_total\":\"\",\"datatable_result_show\":\"\",\"datatable_result_entries\":\"\",\"wpgmza_savemap\":\"Enregistrer la carte \\u00bb\"}}' data-map-id='1' Data-maps-engine='open-layers' data-shortcode-attributes='{\"id\":\"1\"}' style=\"display:block; overflow:auto; width:100%; height:400px; float:left;\"><\/div>\n\n\n<p>La ville de Saint-Mesmin s&rsquo;est engag\u00e9e dans la culture biologique<\/p>\n\n\n\n<p>Un march\u00e9 est ouvert le jeudi apr\u00e8s-midi aux halles de Saint-Mesmin avec des producteurs et artisans locaux <\/p>\n\n\n\n<p><\/p>\n","protected":false},"excerpt":{"rendered":"<p>Un coin nich\u00e9 dans le bocage La ville de Saint-Mesmin s&rsquo;est engag\u00e9e dans la culture biologique Un march\u00e9 est ouvert le jeudi apr\u00e8s-midi aux halles de Saint-Mesmin avec des producteurs et artisans locaux<\/p>\n","protected":false},"author":1,"featured_media":0,"parent":0,"menu_order":0,"comment_status":"closed","ping_status":"closed","template":"","meta":{"footnotes":""},"class_list":["entry","page","publish","author-admin6549","post-6"],"yoast_head":"<!-- This site is optimized with the Yoast SEO plugin v20.3 - https:\/\/yoast.com\/wordpress\/plugins\/seo\/ -->\n<title>Carte - La Passuiti\u00e8re<\/title>\n<meta name=\"robots\" content=\"index, follow, max-snippet:-1, max-image-preview:large, max-video-preview:-1\" \/>\n<link rel=\"canonical\" href=\"https:\/\/la-passuitiere.fr\/index.php\/er-cart\/\" \/>\n<meta property=\"og:locale\" content=\"fr_FR\" \/>\n<meta property=\"og:type\" content=\"article\" \/>\n<meta property=\"og:title\" content=\"Carte - La Passuiti\u00e8re\" \/>\n<meta property=\"og:description\" content=\"Un coin nich\u00e9 dans le bocage La ville de Saint-Mesmin s&rsquo;est engag\u00e9e dans la culture biologique Un march\u00e9 est ouvert le jeudi apr\u00e8s-midi aux halles de Saint-Mesmin avec des producteurs et artisans locaux\" \/>\n<meta property=\"og:url\" content=\"https:\/\/la-passuitiere.fr\/index.php\/er-cart\/\" \/>\n<meta property=\"og:site_name\" content=\"La Passuiti\u00e8re\" \/>\n<meta property=\"article:publisher\" content=\"https:\/\/www.facebook.com\/lapassuitiere\" \/>\n<meta property=\"article:modified_time\" content=\"2021-03-08T20:53:55+00:00\" \/>\n<meta property=\"og:image\" content=\"http:\/\/la-passuitiere.fr\/wp-content\/uploads\/2021\/02\/2021-02-16_22h32_41.png\" \/>\n<meta name=\"twitter:card\" content=\"summary_large_image\" \/>\n<meta name=\"twitter:label1\" content=\"Dur\u00e9e de lecture estim\u00e9e\" \/>\n\t<meta name=\"twitter:data1\" content=\"1 minute\" \/>\n<script type=\"application\/ld+json\" class=\"yoast-schema-graph\">{\"@context\":\"https:\/\/schema.org\",\"@graph\":[{\"@type\":\"WebPage\",\"@id\":\"https:\/\/la-passuitiere.fr\/index.php\/er-cart\/\",\"url\":\"https:\/\/la-passuitiere.fr\/index.php\/er-cart\/\",\"name\":\"Carte - La Passuiti\u00e8re\",\"isPartOf\":{\"@id\":\"https:\/\/la-passuitiere.fr\/#website\"},\"datePublished\":\"2020-12-27T19:48:10+00:00\",\"dateModified\":\"2021-03-08T20:53:55+00:00\",\"breadcrumb\":{\"@id\":\"https:\/\/la-passuitiere.fr\/index.php\/er-cart\/#breadcrumb\"},\"inLanguage\":\"fr-FR\",\"potentialAction\":[{\"@type\":\"ReadAction\",\"target\":[\"https:\/\/la-passuitiere.fr\/index.php\/er-cart\/\"]}]},{\"@type\":\"BreadcrumbList\",\"@id\":\"https:\/\/la-passuitiere.fr\/index.php\/er-cart\/#breadcrumb\",\"itemListElement\":[{\"@type\":\"ListItem\",\"position\":1,\"name\":\"Accueil\",\"item\":\"https:\/\/la-passuitiere.fr\/\"},{\"@type\":\"ListItem\",\"position\":2,\"name\":\"Carte\"}]},{\"@type\":\"WebSite\",\"@id\":\"https:\/\/la-passuitiere.fr\/#website\",\"url\":\"https:\/\/la-passuitiere.fr\/\",\"name\":\"La Passuiti\u00e8re\",\"description\":\"En Vendee\",\"potentialAction\":[{\"@type\":\"SearchAction\",\"target\":{\"@type\":\"EntryPoint\",\"urlTemplate\":\"https:\/\/la-passuitiere.fr\/?s={search_term_string}\"},\"query-input\":\"required name=search_term_string\"}],\"inLanguage\":\"fr-FR\"}]}<\/script>\n<!-- \/ Yoast SEO plugin. -->","yoast_head_json":{"title":"Carte - La Passuiti\u00e8re","robots":{"index":"index","follow":"follow","max-snippet":"max-snippet:-1","max-image-preview":"max-image-preview:large","max-video-preview":"max-video-preview:-1"},"canonical":"https:\/\/la-passuitiere.fr\/index.php\/er-cart\/","og_locale":"fr_FR","og_type":"article","og_title":"Carte - La Passuiti\u00e8re","og_description":"Un coin nich\u00e9 dans le bocage La ville de Saint-Mesmin s&rsquo;est engag\u00e9e dans la culture biologique Un march\u00e9 est ouvert le jeudi apr\u00e8s-midi aux halles de Saint-Mesmin avec des producteurs et artisans locaux","og_url":"https:\/\/la-passuitiere.fr\/index.php\/er-cart\/","og_site_name":"La Passuiti\u00e8re","article_publisher":"https:\/\/www.facebook.com\/lapassuitiere","article_modified_time":"2021-03-08T20:53:55+00:00","og_image":[{"url":"http:\/\/la-passuitiere.fr\/wp-content\/uploads\/2021\/02\/2021-02-16_22h32_41.png"}],"twitter_card":"summary_large_image","twitter_misc":{"Dur\u00e9e de lecture estim\u00e9e":"1 minute"},"schema":{"@context":"https:\/\/schema.org","@graph":[{"@type":"WebPage","@id":"https:\/\/la-passuitiere.fr\/index.php\/er-cart\/","url":"https:\/\/la-passuitiere.fr\/index.php\/er-cart\/","name":"Carte - La Passuiti\u00e8re","isPartOf":{"@id":"https:\/\/la-passuitiere.fr\/#website"},"datePublished":"2020-12-27T19:48:10+00:00","dateModified":"2021-03-08T20:53:55+00:00","breadcrumb":{"@id":"https:\/\/la-passuitiere.fr\/index.php\/er-cart\/#breadcrumb"},"inLanguage":"fr-FR","potentialAction":[{"@type":"ReadAction","target":["https:\/\/la-passuitiere.fr\/index.php\/er-cart\/"]}]},{"@type":"BreadcrumbList","@id":"https:\/\/la-passuitiere.fr\/index.php\/er-cart\/#breadcrumb","itemListElement":[{"@type":"ListItem","position":1,"name":"Accueil","item":"https:\/\/la-passuitiere.fr\/"},{"@type":"ListItem","position":2,"name":"Carte"}]},{"@type":"WebSite","@id":"https:\/\/la-passuitiere.fr\/#website","url":"https:\/\/la-passuitiere.fr\/","name":"La Passuiti\u00e8re","description":"En Vendee","potentialAction":[{"@type":"SearchAction","target":{"@type":"EntryPoint","urlTemplate":"https:\/\/la-passuitiere.fr\/?s={search_term_string}"},"query-input":"required name=search_term_string"}],"inLanguage":"fr-FR"}]}},"_links":{"self":[{"href":"https:\/\/la-passuitiere.fr\/index.php\/wp-json\/wp\/v2\/pages\/6","targetHints":{"allow":["GET"]}}],"collection":[{"href":"https:\/\/la-passuitiere.fr\/index.php\/wp-json\/wp\/v2\/pages"}],"about":[{"href":"https:\/\/la-passuitiere.fr\/index.php\/wp-json\/wp\/v2\/types\/page"}],"author":[{"embeddable":true,"href":"https:\/\/la-passuitiere.fr\/index.php\/wp-json\/wp\/v2\/users\/1"}],"replies":[{"embeddable":true,"href":"https:\/\/la-passuitiere.fr\/index.php\/wp-json\/wp\/v2\/comments?post=6"}],"version-history":[{"count":11,"href":"https:\/\/la-passuitiere.fr\/index.php\/wp-json\/wp\/v2\/pages\/6\/revisions"}],"predecessor-version":[{"id":944,"href":"https:\/\/la-passuitiere.fr\/index.php\/wp-json\/wp\/v2\/pages\/6\/revisions\/944"}],"wp:attachment":[{"href":"https:\/\/la-passuitiere.fr\/index.php\/wp-json\/wp\/v2\/media?parent=6"}],"curies":[{"name":"wp","href":"https:\/\/api.w.org\/{rel}","templated":true}]}}