{"id":723,"date":"2021-03-02T22:03:17","date_gmt":"2021-03-02T21:03:17","guid":{"rendered":"https:\/\/la-passuitiere.fr\/?page_id=723"},"modified":"2021-03-13T17:07:31","modified_gmt":"2021-03-13T16:07:31","slug":"contact-2","status":"publish","type":"page","link":"https:\/\/la-passuitiere.fr\/index.php\/contact-2\/","title":{"rendered":"Contact"},"content":{"rendered":"\n<hr class=\"wp-block-separator\"\/>\n\n\n\n<div class=\"wp-block-image\"><figure class=\"alignright size-large is-resized\"><img loading=\"lazy\" decoding=\"async\" src=\"https:\/\/la-passuitiere.fr\/wp-content\/uploads\/2021\/03\/blogger-336371_1920-1024x683.jpg\" alt=\"\" class=\"wp-image-724\" width=\"256\" height=\"171\" srcset=\"https:\/\/la-passuitiere.fr\/wp-content\/uploads\/2021\/03\/blogger-336371_1920-1024x683.jpg 1024w, https:\/\/la-passuitiere.fr\/wp-content\/uploads\/2021\/03\/blogger-336371_1920-300x200.jpg 300w, https:\/\/la-passuitiere.fr\/wp-content\/uploads\/2021\/03\/blogger-336371_1920-768x512.jpg 768w, https:\/\/la-passuitiere.fr\/wp-content\/uploads\/2021\/03\/blogger-336371_1920-1536x1024.jpg 1536w, https:\/\/la-passuitiere.fr\/wp-content\/uploads\/2021\/03\/blogger-336371_1920.jpg 1920w\" sizes=\"auto, (max-width: 256px) 100vw, 256px\" \/><\/figure><\/div>\n\n\n\n<p><strong>Pour nous contacter :<\/strong><br>&nbsp; T\u00e9l\u00e9phone : 06 66 84 98 77<br>&nbsp; Email : <a href=\"mailto:contact@lapassuitiere.fr\">contact@lapassuitiere.fr<\/a><\/p>\n\n\n\n<div class=\"wp-block-columns is-layout-flex wp-container-core-columns-is-layout-9d6595d7 wp-block-columns-is-layout-flex\">\n<div class=\"wp-block-column is-layout-flow wp-block-column-is-layout-flow\" style=\"flex-basis:16.67%\">\n<figure class=\"wp-block-image size-large\"><a href=\"https:\/\/g.page\/lapassuitiere?gm\" target=\"_blank\" rel=\"noopener\"><img loading=\"lazy\" decoding=\"async\" width=\"315\" height=\"320\" src=\"https:\/\/la-passuitiere.fr\/wp-content\/uploads\/2021\/03\/google-1088004_1280-1.png\" alt=\"\" class=\"wp-image-954\" srcset=\"https:\/\/la-passuitiere.fr\/wp-content\/uploads\/2021\/03\/google-1088004_1280-1.png 315w, https:\/\/la-passuitiere.fr\/wp-content\/uploads\/2021\/03\/google-1088004_1280-1-295x300.png 295w\" sizes=\"auto, (max-width: 315px) 100vw, 315px\" \/><\/a><\/figure>\n<\/div>\n\n\n\n<div class=\"wp-block-column is-layout-flow wp-block-column-is-layout-flow\" style=\"flex-basis:16.67%\">\n<figure class=\"wp-block-image size-large is-resized\"><a href=\"https:\/\/www.facebook.com\/lapassuitiere\" target=\"_blank\" rel=\"noopener\"><img loading=\"lazy\" decoding=\"async\" src=\"https:\/\/la-passuitiere.fr\/wp-content\/uploads\/2021\/03\/logfb.png\" alt=\"\" class=\"wp-image-950\" width=\"89\" height=\"89\" srcset=\"https:\/\/la-passuitiere.fr\/wp-content\/uploads\/2021\/03\/logfb.png 512w, https:\/\/la-passuitiere.fr\/wp-content\/uploads\/2021\/03\/logfb-300x300.png 300w, https:\/\/la-passuitiere.fr\/wp-content\/uploads\/2021\/03\/logfb-150x150.png 150w\" sizes=\"auto, (max-width: 89px) 100vw, 89px\" \/><\/a><\/figure>\n<\/div>\n\n\n\n<div class=\"wp-block-column is-layout-flow wp-block-column-is-layout-flow\" style=\"flex-basis:16.66%\"><\/div>\n\n\n\n<div class=\"wp-block-column is-layout-flow wp-block-column-is-layout-flow\" style=\"flex-basis:16.67%\"><\/div>\n\n\n\n<div class=\"wp-block-column is-layout-flow wp-block-column-is-layout-flow\" style=\"flex-basis:16.67%\"><\/div>\n\n\n\n<div class=\"wp-block-column is-layout-flow wp-block-column-is-layout-flow\" style=\"flex-basis:16.67%\"><\/div>\n<\/div>\n\n\n\n<p><\/p>\n\n\n\n<p><strong>Ou tout simplement ce formulaire \u00e0 votre disposition :<\/strong><\/p>\n\n\n<div class=\"wpforms-container wpforms-container-full\" id=\"wpforms-720\"><form id=\"wpforms-form-720\" class=\"wpforms-validate wpforms-form\" data-formid=\"720\" method=\"post\" enctype=\"multipart\/form-data\" action=\"\/index.php\/wp-json\/wp\/v2\/pages\/723\" data-token=\"f2dd549b139c73fa65f73bdeaecee763\"><noscript class=\"wpforms-error-noscript\">Veuillez activer JavaScript dans votre navigateur pour remplir ce formulaire.<\/noscript><div class=\"wpforms-field-container\"><div id=\"wpforms-720-field_0-container\" class=\"wpforms-field wpforms-field-name\" data-field-id=\"0\"><label class=\"wpforms-field-label\" for=\"wpforms-720-field_0\">Nom <span class=\"wpforms-required-label\">*<\/span><\/label><div class=\"wpforms-field-row wpforms-field-medium\"><div class=\"wpforms-field-row-block wpforms-first wpforms-one-half\"><input type=\"text\" id=\"wpforms-720-field_0\" class=\"wpforms-field-name-first wpforms-field-required\" name=\"wpforms[fields][0][first]\" required><label for=\"wpforms-720-field_0\" class=\"wpforms-field-sublabel after \">Pr\u00e9nom<\/label><\/div><div class=\"wpforms-field-row-block wpforms-one-half\"><input type=\"text\" id=\"wpforms-720-field_0-last\" class=\"wpforms-field-name-last wpforms-field-required\" name=\"wpforms[fields][0][last]\" required><label for=\"wpforms-720-field_0-last\" class=\"wpforms-field-sublabel after \">Nom<\/label><\/div><\/div><\/div><div id=\"wpforms-720-field_1-container\" class=\"wpforms-field wpforms-field-email\" data-field-id=\"1\"><label class=\"wpforms-field-label\" for=\"wpforms-720-field_1\">E-mail <span class=\"wpforms-required-label\">*<\/span><\/label><input type=\"email\" id=\"wpforms-720-field_1\" class=\"wpforms-field-medium wpforms-field-required\" name=\"wpforms[fields][1]\" required><div class=\"wpforms-field-description\">Veuillez saisir votre e-mail, afin que nous puissions vous contacter pour le suivi.<\/div><\/div><div id=\"wpforms-720-field_3-container\" class=\"wpforms-field wpforms-field-text\" data-field-id=\"3\"><label class=\"wpforms-field-label\" for=\"wpforms-720-field_3\">Sujet <span class=\"wpforms-required-label\">*<\/span><\/label><input type=\"text\" id=\"wpforms-720-field_3\" class=\"wpforms-field-medium wpforms-field-required\" name=\"wpforms[fields][3]\" required><\/div><div id=\"wpforms-720-field_4-container\" class=\"wpforms-field wpforms-field-textarea\" data-field-id=\"4\"><label class=\"wpforms-field-label\" for=\"wpforms-720-field_4\">Message <span class=\"wpforms-required-label\">*<\/span><\/label><textarea id=\"wpforms-720-field_4\" class=\"wpforms-field-medium wpforms-field-required\" name=\"wpforms[fields][4]\" required><\/textarea><\/div><\/div><div class=\"wpforms-submit-container\"><input type=\"hidden\" name=\"wpforms[id]\" value=\"720\"><input type=\"hidden\" name=\"wpforms[author]\" value=\"1\"><button type=\"submit\" name=\"wpforms[submit]\" id=\"wpforms-submit-720\" class=\"wpforms-submit\" data-alt-text=\"Envoi...\" data-submit-text=\"Envoyer\" aria-live=\"assertive\" value=\"wpforms-submit\">Envoyer<\/button><\/div><\/form><\/div>  <!-- .wpforms-container -->\n\n\n<!-- Global site tag (gtag.js) - Google Analytics -->\n<script async=\"\" src=\"https:\/\/www.googletagmanager.com\/gtag\/js?id=G-J1MDVJ3G1H\"><\/script>\n<script>\n  window.dataLayer = window.dataLayer || [];\n  function gtag(){dataLayer.push(arguments);}\n  gtag('js', new Date());\n\n  gtag('config', 'G-J1MDVJ3G1H');\n<\/script>\n","protected":false},"excerpt":{"rendered":"<p>Pour nous contacter :&nbsp; T\u00e9l\u00e9phone : 06 66 84 98 77&nbsp; Email : contact@lapassuitiere.fr Ou tout simplement ce formulaire \u00e0 votre disposition :<\/p>\n","protected":false},"author":1,"featured_media":0,"parent":0,"menu_order":0,"comment_status":"closed","ping_status":"closed","template":"","meta":{"footnotes":""},"class_list":["entry","page","publish","author-admin6549","post-723"],"yoast_head":"<!-- This site is optimized with the Yoast SEO plugin v20.3 - https:\/\/yoast.com\/wordpress\/plugins\/seo\/ -->\n<title>contacter un g\u00eete en Vend\u00e9e - La Passuiti\u00e8re<\/title>\n<meta name=\"description\" content=\"Pour nous contacter : T\u00e9l\u00e9phone : 06 66 84 98 77 Email : contact@lapassuitiere.fr\" \/>\n<meta name=\"robots\" content=\"index, follow, max-snippet:-1, max-image-preview:large, max-video-preview:-1\" \/>\n<link rel=\"canonical\" href=\"https:\/\/la-passuitiere.fr\/index.php\/contact-2\/\" \/>\n<meta property=\"og:locale\" content=\"fr_FR\" \/>\n<meta property=\"og:type\" content=\"article\" \/>\n<meta property=\"og:title\" content=\"contacter un g\u00eete en Vend\u00e9e - La Passuiti\u00e8re\" \/>\n<meta property=\"og:description\" content=\"Pour nous contacter : T\u00e9l\u00e9phone : 06 66 84 98 77 Email : contact@lapassuitiere.fr\" \/>\n<meta property=\"og:url\" content=\"https:\/\/la-passuitiere.fr\/index.php\/contact-2\/\" \/>\n<meta property=\"og:site_name\" content=\"La Passuiti\u00e8re\" \/>\n<meta property=\"article:publisher\" content=\"https:\/\/www.facebook.com\/lapassuitiere\" \/>\n<meta property=\"article:modified_time\" content=\"2021-03-13T16:07:31+00:00\" \/>\n<meta property=\"og:image\" content=\"https:\/\/la-passuitiere.fr\/wp-content\/uploads\/2021\/03\/blogger-336371_1920-1024x683.jpg\" \/>\n<meta name=\"twitter:card\" content=\"summary_large_image\" \/>\n<meta name=\"twitter:label1\" content=\"Dur\u00e9e de lecture estim\u00e9e\" \/>\n\t<meta name=\"twitter:data1\" content=\"1 minute\" \/>\n<script type=\"application\/ld+json\" class=\"yoast-schema-graph\">{\"@context\":\"https:\/\/schema.org\",\"@graph\":[{\"@type\":\"WebPage\",\"@id\":\"https:\/\/la-passuitiere.fr\/index.php\/contact-2\/\",\"url\":\"https:\/\/la-passuitiere.fr\/index.php\/contact-2\/\",\"name\":\"contacter un g\u00eete en Vend\u00e9e - La Passuiti\u00e8re\",\"isPartOf\":{\"@id\":\"https:\/\/la-passuitiere.fr\/#website\"},\"datePublished\":\"2021-03-02T21:03:17+00:00\",\"dateModified\":\"2021-03-13T16:07:31+00:00\",\"description\":\"Pour nous contacter : T\u00e9l\u00e9phone : 06 66 84 98 77 Email : contact@lapassuitiere.fr\",\"breadcrumb\":{\"@id\":\"https:\/\/la-passuitiere.fr\/index.php\/contact-2\/#breadcrumb\"},\"inLanguage\":\"fr-FR\",\"potentialAction\":[{\"@type\":\"ReadAction\",\"target\":[\"https:\/\/la-passuitiere.fr\/index.php\/contact-2\/\"]}]},{\"@type\":\"BreadcrumbList\",\"@id\":\"https:\/\/la-passuitiere.fr\/index.php\/contact-2\/#breadcrumb\",\"itemListElement\":[{\"@type\":\"ListItem\",\"position\":1,\"name\":\"Accueil\",\"item\":\"https:\/\/la-passuitiere.fr\/\"},{\"@type\":\"ListItem\",\"position\":2,\"name\":\"Contact\"}]},{\"@type\":\"WebSite\",\"@id\":\"https:\/\/la-passuitiere.fr\/#website\",\"url\":\"https:\/\/la-passuitiere.fr\/\",\"name\":\"La Passuiti\u00e8re\",\"description\":\"En Vendee\",\"potentialAction\":[{\"@type\":\"SearchAction\",\"target\":{\"@type\":\"EntryPoint\",\"urlTemplate\":\"https:\/\/la-passuitiere.fr\/?s={search_term_string}\"},\"query-input\":\"required name=search_term_string\"}],\"inLanguage\":\"fr-FR\"}]}<\/script>\n<!-- \/ Yoast SEO plugin. -->","yoast_head_json":{"title":"contacter un g\u00eete en Vend\u00e9e - La Passuiti\u00e8re","description":"Pour nous contacter : T\u00e9l\u00e9phone : 06 66 84 98 77 Email : contact@lapassuitiere.fr","robots":{"index":"index","follow":"follow","max-snippet":"max-snippet:-1","max-image-preview":"max-image-preview:large","max-video-preview":"max-video-preview:-1"},"canonical":"https:\/\/la-passuitiere.fr\/index.php\/contact-2\/","og_locale":"fr_FR","og_type":"article","og_title":"contacter un g\u00eete en Vend\u00e9e - La Passuiti\u00e8re","og_description":"Pour nous contacter : T\u00e9l\u00e9phone : 06 66 84 98 77 Email : contact@lapassuitiere.fr","og_url":"https:\/\/la-passuitiere.fr\/index.php\/contact-2\/","og_site_name":"La Passuiti\u00e8re","article_publisher":"https:\/\/www.facebook.com\/lapassuitiere","article_modified_time":"2021-03-13T16:07:31+00:00","og_image":[{"url":"https:\/\/la-passuitiere.fr\/wp-content\/uploads\/2021\/03\/blogger-336371_1920-1024x683.jpg"}],"twitter_card":"summary_large_image","twitter_misc":{"Dur\u00e9e de lecture estim\u00e9e":"1 minute"},"schema":{"@context":"https:\/\/schema.org","@graph":[{"@type":"WebPage","@id":"https:\/\/la-passuitiere.fr\/index.php\/contact-2\/","url":"https:\/\/la-passuitiere.fr\/index.php\/contact-2\/","name":"contacter un g\u00eete en Vend\u00e9e - La Passuiti\u00e8re","isPartOf":{"@id":"https:\/\/la-passuitiere.fr\/#website"},"datePublished":"2021-03-02T21:03:17+00:00","dateModified":"2021-03-13T16:07:31+00:00","description":"Pour nous contacter : T\u00e9l\u00e9phone : 06 66 84 98 77 Email : contact@lapassuitiere.fr","breadcrumb":{"@id":"https:\/\/la-passuitiere.fr\/index.php\/contact-2\/#breadcrumb"},"inLanguage":"fr-FR","potentialAction":[{"@type":"ReadAction","target":["https:\/\/la-passuitiere.fr\/index.php\/contact-2\/"]}]},{"@type":"BreadcrumbList","@id":"https:\/\/la-passuitiere.fr\/index.php\/contact-2\/#breadcrumb","itemListElement":[{"@type":"ListItem","position":1,"name":"Accueil","item":"https:\/\/la-passuitiere.fr\/"},{"@type":"ListItem","position":2,"name":"Contact"}]},{"@type":"WebSite","@id":"https:\/\/la-passuitiere.fr\/#website","url":"https:\/\/la-passuitiere.fr\/","name":"La Passuiti\u00e8re","description":"En Vendee","potentialAction":[{"@type":"SearchAction","target":{"@type":"EntryPoint","urlTemplate":"https:\/\/la-passuitiere.fr\/?s={search_term_string}"},"query-input":"required name=search_term_string"}],"inLanguage":"fr-FR"}]}},"_links":{"self":[{"href":"https:\/\/la-passuitiere.fr\/index.php\/wp-json\/wp\/v2\/pages\/723","targetHints":{"allow":["GET"]}}],"collection":[{"href":"https:\/\/la-passuitiere.fr\/index.php\/wp-json\/wp\/v2\/pages"}],"about":[{"href":"https:\/\/la-passuitiere.fr\/index.php\/wp-json\/wp\/v2\/types\/page"}],"author":[{"embeddable":true,"href":"https:\/\/la-passuitiere.fr\/index.php\/wp-json\/wp\/v2\/users\/1"}],"replies":[{"embeddable":true,"href":"https:\/\/la-passuitiere.fr\/index.php\/wp-json\/wp\/v2\/comments?post=723"}],"version-history":[{"count":28,"href":"https:\/\/la-passuitiere.fr\/index.php\/wp-json\/wp\/v2\/pages\/723\/revisions"}],"predecessor-version":[{"id":985,"href":"https:\/\/la-passuitiere.fr\/index.php\/wp-json\/wp\/v2\/pages\/723\/revisions\/985"}],"wp:attachment":[{"href":"https:\/\/la-passuitiere.fr\/index.php\/wp-json\/wp\/v2\/media?parent=723"}],"curies":[{"name":"wp","href":"https:\/\/api.w.org\/{rel}","templated":true}]}}